{"id":52,"date":"2026-04-11T11:01:31","date_gmt":"2026-04-11T11:01:31","guid":{"rendered":"https:\/\/aaremaa.com\/?page_id=52"},"modified":"2026-04-11T16:07:44","modified_gmt":"2026-04-11T16:07:44","slug":"blog","status":"publish","type":"page","link":"https:\/\/aaremaa.com\/","title":{"rendered":"Blog"},"content":{"rendered":"\n<div class=\"unlock-bar\">\n  <input type=\"password\" id=\"pw\" placeholder=\"Password\">\n  <button onclick=\"unlock()\">Unlock<\/button>\n<\/div>\n\n\n\n<div class=\"wp-block-query is-layout-flow wp-block-query-is-layout-flow\"><ul class=\"wp-block-post-template is-layout-flow wp-block-post-template-is-layout-flow\"><li class=\"wp-block-post post-248 post type-post status-publish format-standard hentry category-uncategorized\">\n<div class=\"entry-content wp-block-post-content is-layout-flow wp-block-post-content-is-layout-flow\">\n<p>900 g k\u00f5rgeima sordi&nbsp;<a href=\"https:\/\/nami-nami.ee\/sonastik\/sona\/1295\/nisujahu\">nisujahu<\/a><\/p>\n\n\n\n<p>50 g v\u00e4rsket v\u00f5i 2 pakki&nbsp;<a href=\"https:\/\/nami-nami.ee\/sonastik\/sona\/2017\/p%C3%A4rm\">kuivp\u00e4rmi<\/a><\/p>\n\n\n\n<p>200 g&nbsp;&nbsp;<a href=\"https:\/\/nami-nami.ee\/sonastik\/sona\/2345\/suhkur,%20peensuhkur\">suhkrut<\/a><\/p>\n\n\n\n<p>1 tl jahvatatud&nbsp;<a href=\"https:\/\/nami-nami.ee\/sonastik\/sona\/1282\/kardemon\">kardemoni<\/a><\/p>\n\n\n\n<p>0,5 tl&nbsp;&nbsp;<a href=\"https:\/\/nami-nami.ee\/sonastik\/sona\/2254\/sool\">soola<\/a><\/p>\n\n\n\n<p>5 dl k\u00e4esooja&nbsp;<a href=\"https:\/\/nami-nami.ee\/sonastik\/sona\/2105\/piim\">piima<\/a><\/p>\n\n\n\n<p>2&nbsp;&nbsp;<a href=\"https:\/\/nami-nami.ee\/sonastik\/sona\/1577\/muna\">muna<\/a><\/p>\n\n\n\n<p>100 g toasooja pehmet Saaremaa 82%&nbsp;<a href=\"https:\/\/nami-nami.ee\/sonastik\/sona\/2016\/v%C3%B5i\">v\u00f5id<\/a><strong><u>T\u00e4idis:<\/u><\/strong><\/p>\n\n\n\n<p>250 g&nbsp;&nbsp;<a href=\"https:\/\/nami-nami.ee\/sonastik\/sona\/1030\/martsipan\">martsipani<\/a><\/p>\n\n\n\n<p>100 g toasooja pehmet Saaremaa 82%&nbsp;<a href=\"https:\/\/nami-nami.ee\/sonastik\/sona\/2016\/v%C3%B5i\">v\u00f5id<\/a><\/p>\n\n\n\n<p>400 g&nbsp;&nbsp;<a href=\"https:\/\/nami-nami.ee\/sonastik\/sona\/2194\/pohl%20e.%20palukas\">pohli<\/a><strong><u>M\u00e4\u00e4rimiseks:<\/u><\/strong><\/p>\n\n\n\n<p>1 v\u00e4ike&nbsp;<a href=\"https:\/\/nami-nami.ee\/sonastik\/sona\/1577\/muna\">muna<\/a><strong><u>Peale:<\/u><\/strong><\/p>\n\n\n\n<p>50 g mandlilaaste&nbsp;<strong><u>Serveerimiseks:<\/u><\/strong><\/p>\n\n\n\n<p><a href=\"https:\/\/nami-nami.ee\/sonastik\/sona\/1091\/tuhksuhkur\">tuhksuhkrut<\/a><\/p>\n\n\n\n<p>jahvatatud&nbsp;<a href=\"https:\/\/nami-nami.ee\/sonastik\/sona\/1370\/kaneel\">kaneeli<\/a><\/p>\n\n\n\n<h3 class=\"wp-block-heading\">VALMISTAMINE<\/h3>\n\n\n\n<p>Sega suures tainakausis umbes 750 g nisujahu, suhkur, sool, kardemon, kuivp\u00e4rm v\u00f5i v\u00e4rske p\u00e4rm (viimane mudi s\u00f5rmede vahel jahusegusse) omavahel. Lisa soe piim (u 37C v\u00e4rske p\u00e4rmi puhul ja umbes 42C kuivp\u00e4rmi puhul) ning sega tainas \u00fchtlaseks. Sega juurde munad ning sega uuesti l\u00e4bi. S\u00f5tku juurde pehme v\u00f5i ning seej\u00e4rel \u00fclej\u00e4\u00e4nud jahu. Kui tainas v\u00e4ga m\u00e4rg tundub, lisa veel lusikat\u00e4is v\u00f5i paar jahu &#8211; s\u00f5tkumise j\u00e4rel peaks tainas kausi k\u00fclgedelt lahti l\u00f6\u00f6ma.<\/p>\n\n\n\n<p>Kata tainakauss puhta k\u00f6\u00f6gir\u00e4tiku v\u00f5i toidukilega ning lase tainas soojas kohas kahekordseks kerkida.&nbsp;<\/p>\n\n\n\n<p>Kummuta tainas jahuga kaetud lauale, s\u00f5tku kergelt l\u00e4bi ning rulli seej\u00e4rel jahuse tainarulli abil suureks ristk\u00fclikuks, paksusega umbes 5 mm. M\u00e4\u00e4ri pehme v\u00f5i \u00fchtlase kihina tainaplaadile, siis puista peale riivitud v\u00f5i pisikesteks t\u00fckkideks n\u00e4pistatud martsipan ning pohlad.&nbsp;<\/p>\n\n\n\n<p><\/p>\n<\/div>\n<\/li><li class=\"wp-block-post post-246 post type-post status-publish format-standard hentry category-uncategorized\">\n<div class=\"entry-content wp-block-post-content is-layout-flow wp-block-post-content-is-layout-flow\">\n<figure class=\"wp-block-image size-large\"><img decoding=\"async\" src=\"https:\/\/aaremaa.com\/wp-content\/uploads\/2026\/04\/img_2558-1-1.jpeg\" alt=\"\" class=\"wp-image-15\"\/><\/figure>\n<\/div>\n<\/li><li class=\"wp-block-post post-244 post type-post status-publish format-standard hentry category-uncategorized\">\n<div class=\"entry-content wp-block-post-content is-layout-flow wp-block-post-content-is-layout-flow\">\n<figure class=\"wp-block-gallery has-nested-images columns-default is-cropped wp-block-gallery-1 is-layout-flex wp-block-gallery-is-layout-flex\">\n<figure class=\"wp-block-image\"><img decoding=\"async\" data-id=\"15\" src=\"https:\/\/aaremaa.com\/wp-content\/uploads\/2026\/04\/img_2558-1-1.jpeg\" alt=\"\" class=\"wp-image-15\"\/><\/figure>\n\n\n\n<figure class=\"wp-block-image\"><img decoding=\"async\" data-id=\"12\" src=\"https:\/\/aaremaa.com\/wp-content\/uploads\/2026\/04\/img_2558-1.jpeg\" alt=\"\" class=\"wp-image-12\"\/><\/figure>\n\n\n\n<figure class=\"wp-block-image\"><img decoding=\"async\" data-id=\"18\" src=\"https:\/\/aaremaa.com\/wp-content\/uploads\/2026\/04\/img_2561-1.jpeg\" alt=\"\" class=\"wp-image-18\"\/><\/figure>\n\n\n\n<figure class=\"wp-block-image\"><img decoding=\"async\" data-id=\"17\" src=\"https:\/\/aaremaa.com\/wp-content\/uploads\/2026\/04\/img_2562-1.jpeg\" alt=\"\" class=\"wp-image-17\"\/><\/figure>\n\n\n\n<figure class=\"wp-block-image\"><img decoding=\"async\" data-id=\"16\" src=\"https:\/\/aaremaa.com\/wp-content\/uploads\/2026\/04\/img_2560-1.jpeg\" alt=\"\" class=\"wp-image-16\"\/><\/figure>\n\n\n\n<figure class=\"wp-block-image\"><img decoding=\"async\" data-id=\"20\" src=\"https:\/\/aaremaa.com\/wp-content\/uploads\/2026\/04\/img_2563-1.jpeg\" alt=\"\" class=\"wp-image-20\"\/><\/figure>\n\n\n\n<figure class=\"wp-block-image\"><img decoding=\"async\" data-id=\"28\" src=\"https:\/\/aaremaa.com\/wp-content\/uploads\/2026\/04\/img_2562-1-1.jpeg\" alt=\"\" class=\"wp-image-28\"\/><\/figure>\n\n\n\n<figure class=\"wp-block-image\"><img decoding=\"async\" data-id=\"29\" src=\"https:\/\/aaremaa.com\/wp-content\/uploads\/2026\/04\/img_2563-1-1.jpeg\" alt=\"\" class=\"wp-image-29\"\/><\/figure>\n\n\n\n<figure class=\"wp-block-image\"><img decoding=\"async\" data-id=\"19\" src=\"https:\/\/aaremaa.com\/wp-content\/uploads\/2026\/04\/img_2564-1.jpeg\" alt=\"\" class=\"wp-image-19\"\/><\/figure>\n\n\n\n<figure class=\"wp-block-image\"><img decoding=\"async\" data-id=\"30\" src=\"https:\/\/aaremaa.com\/wp-content\/uploads\/2026\/04\/img_2561-1-1.jpeg\" alt=\"\" class=\"wp-image-30\"\/><\/figure>\n<\/figure>\n<\/div>\n<\/li><li class=\"wp-block-post post-242 post type-post status-publish format-standard hentry category-uncategorized\">\n<div class=\"entry-content wp-block-post-content is-layout-flow wp-block-post-content-is-layout-flow\">\n<figure class=\"wp-block-image size-large\"><img decoding=\"async\" src=\"https:\/\/aaremaa.com\/wp-content\/uploads\/2026\/04\/img_2558-1-1.jpeg\" alt=\"\" class=\"wp-image-15\"\/><\/figure>\n<\/div>\n<\/li><li class=\"wp-block-post post-240 post type-post status-publish format-standard hentry category-uncategorized\">\n<div class=\"entry-content wp-block-post-content is-layout-flow wp-block-post-content-is-layout-flow\">\n<p>LOCKED<\/p>\n\n\n\n<p>Sega suures tainakausis umbes 750 g nisujahu, suhkur, sool, kardemon, kuivp\u00e4rm v\u00f5i v\u00e4rske p\u00e4rm (viimane mudi s\u00f5rmede vahel jahusegusse) omavahel. Lisa soe piim (u 37C v\u00e4rske p\u00e4rmi puhul ja umbes 42C kuivp\u00e4rmi puhul) ning sega tainas \u00fchtlaseks. Sega juurde munad ning sega uuesti l\u00e4bi. S\u00f5tku juurde pehme v\u00f5i ning seej\u00e4rel \u00fclej\u00e4\u00e4nud jahu. Kui tainas v\u00e4ga m\u00e4rg tundub, lisa veel lusikat\u00e4is v\u00f5i paar jahu &#8211; s\u00f5tkumise j\u00e4rel peaks tainas kausi k\u00fclgedelt lahti l\u00f6\u00f6ma.<\/p>\n\n\n\n<p>Kata tainakauss puhta k\u00f6\u00f6gir\u00e4tiku v\u00f5i toidukilega ning lase tainas soojas kohas kahekordseks kerkida.&nbsp;<\/p>\n\n\n\n<p>Kummuta tainas jahuga kaetud lauale, s\u00f5tku kergelt l\u00e4bi ning rulli seej\u00e4rel jahuse tainarulli abil suureks ristk\u00fclikuks, paksusega umbes 5 mm. M\u00e4\u00e4ri pehme v\u00f5i \u00fchtlase kihina tainaplaadile, siis puista peale riivitud v\u00f5i pisikesteks t\u00fckkideks n\u00e4pistatud martsipan ning pohlad.&nbsp;<\/p>\n\n\n\n<p>Keera tainas pikemast servast kenasti tihedasti rulli. (Siin oleks hea tainarull juba k\u00fcpsetuspaberile libistada).&nbsp;Siis l\u00f5ika rull pikuti pooleks, aga p\u00e4ris otsast j\u00e4ta kinni. P\u00f5imi palmikuks, s\u00e4ttides l\u00f5ikepinna kenasti pealepoole. Keera kringliks v\u00f5i p\u00e4rjaks ning t\u00f5sta ahjuplaadile.&nbsp;<\/p>\n\n\n\n<figure class=\"wp-block-image\"><a href=\"http:\/\/nami-nami.ee\/retsept\/3226\"><img decoding=\"async\" src=\"http:\/\/nami-nami.ee\/files\/img\/kringlitegutrio.jpg\" alt=\"\"\/><\/a><\/figure>\n\n\n\n<p>Lase soojas umbes pool tundi kerkida. Kuumuta ahi 200 C.&nbsp;<\/p>\n\n\n\n<p>Pintselda kringel\/p\u00e4rg pealt lusikat\u00e4ie veega lahti klopitud munaga. Puista peale mandlilaastud. K\u00fcpseta 200-kraadises ahjus 25-30 minutit, kuni kringel on kenasti kuldne ja l\u00e4bi k\u00fcpsenud. V\u00f5ta kringel ahjust v\u00e4lja, s\u00f5elu peale ohtralt tuhksuhkrut ning veidi kaneeli ning serveeri soojalt v\u00f5i toatemperatuuril.&nbsp;<\/p>\n\n\n\n<figure class=\"wp-block-image\"><a href=\"http:\/\/nami-nami.ee\/retsept\/3226\"><img decoding=\"async\" src=\"http:\/\/nami-nami.ee\/files\/img\/pohlamartsipanikringelpille.jpg\" alt=\"\"\/><\/a><\/figure>\n\n\n\n<h4 class=\"wp-block-heading\"><strong>Nipid ja soovitused:<\/strong><\/h4>\n\n\n\n<ul class=\"wp-block-list\">\n<li>Sellest kogusest saab 2 kg kaaluva ehk \u00fcsna kobeda kringli\/p\u00e4rja. Kui Su ahi on pigem pisemapoolne, v\u00f5id taina kaheks jagada ja teha kaks v\u00e4iksemat p\u00e4rga\/kringlit.\u00a0<\/li>\n\n\n\n<li>Martsipani on lihtsam riivida k\u00fclmkapik\u00fclmalt.\u00a0<\/li>\n<\/ul>\n<\/div>\n<\/li><li class=\"wp-block-post post-238 post type-post status-publish format-standard hentry category-uncategorized\">\n<div class=\"entry-content wp-block-post-content is-layout-flow wp-block-post-content-is-layout-flow\">\n<p>LOCKED<\/p>\n\n\n\n<figure class=\"wp-block-image size-large\"><img decoding=\"async\" src=\"https:\/\/aaremaa.com\/wp-content\/uploads\/2026\/04\/img_2563-1-1.jpeg\" alt=\"\" class=\"wp-image-29\"\/><\/figure>\n\n\n\n<figure class=\"wp-block-gallery has-nested-images columns-default is-cropped wp-block-gallery-2 is-layout-flex wp-block-gallery-is-layout-flex\">\n<figure class=\"wp-block-image\"><img decoding=\"async\" data-id=\"30\" src=\"https:\/\/aaremaa.com\/wp-content\/uploads\/2026\/04\/img_2561-1-1.jpeg\" alt=\"\" class=\"wp-image-30\"\/><\/figure>\n\n\n\n<figure class=\"wp-block-image\"><img decoding=\"async\" data-id=\"29\" src=\"https:\/\/aaremaa.com\/wp-content\/uploads\/2026\/04\/img_2563-1-1.jpeg\" alt=\"\" class=\"wp-image-29\"\/><\/figure>\n\n\n\n<figure class=\"wp-block-image\"><img decoding=\"async\" data-id=\"28\" src=\"https:\/\/aaremaa.com\/wp-content\/uploads\/2026\/04\/img_2562-1-1.jpeg\" alt=\"\" class=\"wp-image-28\"\/><\/figure>\n\n\n\n<figure class=\"wp-block-image\"><img decoding=\"async\" data-id=\"20\" src=\"https:\/\/aaremaa.com\/wp-content\/uploads\/2026\/04\/img_2563-1.jpeg\" alt=\"\" class=\"wp-image-20\"\/><\/figure>\n<\/figure>\n<\/div>\n<\/li><li class=\"wp-block-post post-236 post type-post status-publish format-standard hentry category-uncategorized\">\n<div class=\"entry-content wp-block-post-content is-layout-flow wp-block-post-content-is-layout-flow\">\n<figure class=\"wp-block-image size-large\"><img decoding=\"async\" src=\"https:\/\/aaremaa.com\/wp-content\/uploads\/2026\/04\/img_2561-1-1.jpeg\" alt=\"\" class=\"wp-image-30\"\/><\/figure>\n<\/div>\n<\/li><li class=\"wp-block-post post-234 post type-post status-publish format-standard hentry category-uncategorized\">\n<div class=\"entry-content wp-block-post-content is-layout-flow wp-block-post-content-is-layout-flow\">\n<p>LOCKED<\/p>\n\n\n\n<figure class=\"wp-block-image size-large\"><img decoding=\"async\" src=\"https:\/\/aaremaa.com\/wp-content\/uploads\/2026\/04\/img_2561-1.jpeg\" alt=\"\" class=\"wp-image-18\"\/><\/figure>\n\n\n\n<figure class=\"wp-block-image size-large\"><img decoding=\"async\" src=\"https:\/\/aaremaa.com\/wp-content\/uploads\/2026\/04\/img_2558-1.jpeg\" alt=\"\" class=\"wp-image-12\"\/><\/figure>\n<\/div>\n<\/li><li class=\"wp-block-post post-232 post type-post status-publish format-standard hentry category-uncategorized\">\n<div class=\"entry-content wp-block-post-content is-layout-flow wp-block-post-content-is-layout-flow\">\n<figure class=\"wp-block-image size-large\"><img decoding=\"async\" src=\"https:\/\/aaremaa.com\/wp-content\/uploads\/2026\/04\/img_2558-1-1.jpeg\" alt=\"\" class=\"wp-image-15\"\/><\/figure>\n\n\n\n<figure class=\"wp-block-image size-large\"><img decoding=\"async\" src=\"https:\/\/aaremaa.com\/wp-content\/uploads\/2026\/04\/img_2564-1.jpeg\" alt=\"\" class=\"wp-image-19\"\/><\/figure>\n\n\n\n<figure class=\"wp-block-image size-large\"><img decoding=\"async\" src=\"https:\/\/aaremaa.com\/wp-content\/uploads\/2026\/04\/img_2563-1.jpeg\" alt=\"\" class=\"wp-image-20\"\/><\/figure>\n<\/div>\n<\/li><\/ul><\/div>\n","protected":false},"excerpt":{"rendered":"<p>Unlock<\/p>\n","protected":false},"author":1,"featured_media":0,"parent":0,"menu_order":0,"comment_status":"closed","ping_status":"closed","template":"","meta":{"site-sidebar-layout":"default","site-content-layout":"","ast-site-content-layout":"default","site-content-style":"default","site-sidebar-style":"default","ast-global-header-display":"","ast-banner-title-visibility":"","ast-main-header-display":"","ast-hfb-above-header-display":"","ast-hfb-below-header-display":"","ast-hfb-mobile-header-display":"","site-post-title":"disabled","ast-breadcrumbs-content":"","ast-featured-img":"","footer-sml-layout":"","ast-disable-related-posts":"","theme-transparent-header-meta":"","adv-header-id-meta":"","stick-header-meta":"","header-above-stick-meta":"","header-main-stick-meta":"","header-below-stick-meta":"","astra-migrate-meta-layouts":"default","ast-page-background-enabled":"default","ast-page-background-meta":{"desktop":{"background-color":"var(--ast-global-color-5)","background-image":"","background-repeat":"repeat","background-position":"center center","background-size":"auto","background-attachment":"scroll","background-type":"","background-media":"","overlay-type":"","overlay-color":"","overlay-opacity":"","overlay-gradient":""},"tablet":{"background-color":"","background-image":"","background-repeat":"repeat","background-position":"center center","background-size":"auto","background-attachment":"scroll","background-type":"","background-media":"","overlay-type":"","overlay-color":"","overlay-opacity":"","overlay-gradient":""},"mobile":{"background-color":"","background-image":"","background-repeat":"repeat","background-position":"center center","background-size":"auto","background-attachment":"scroll","background-type":"","background-media":"","overlay-type":"","overlay-color":"","overlay-opacity":"","overlay-gradient":""}},"ast-content-background-meta":{"desktop":{"background-color":"var(--ast-global-color-4)","background-image":"","background-repeat":"repeat","background-position":"center center","background-size":"auto","background-attachment":"scroll","background-type":"","background-media":"","overlay-type":"","overlay-color":"","overlay-opacity":"","overlay-gradient":""},"tablet":{"background-color":"var(--ast-global-color-4)","background-image":"","background-repeat":"repeat","background-position":"center center","background-size":"auto","background-attachment":"scroll","background-type":"","background-media":"","overlay-type":"","overlay-color":"","overlay-opacity":"","overlay-gradient":""},"mobile":{"background-color":"var(--ast-global-color-4)","background-image":"","background-repeat":"repeat","background-position":"center center","background-size":"auto","background-attachment":"scroll","background-type":"","background-media":"","overlay-type":"","overlay-color":"","overlay-opacity":"","overlay-gradient":""}},"footnotes":""},"class_list":["post-52","page","type-page","status-publish","hentry"],"_links":{"self":[{"href":"https:\/\/aaremaa.com\/index.php?rest_route=\/wp\/v2\/pages\/52","targetHints":{"allow":["GET"]}}],"collection":[{"href":"https:\/\/aaremaa.com\/index.php?rest_route=\/wp\/v2\/pages"}],"about":[{"href":"https:\/\/aaremaa.com\/index.php?rest_route=\/wp\/v2\/types\/page"}],"author":[{"embeddable":true,"href":"https:\/\/aaremaa.com\/index.php?rest_route=\/wp\/v2\/users\/1"}],"replies":[{"embeddable":true,"href":"https:\/\/aaremaa.com\/index.php?rest_route=%2Fwp%2Fv2%2Fcomments&post=52"}],"version-history":[{"count":7,"href":"https:\/\/aaremaa.com\/index.php?rest_route=\/wp\/v2\/pages\/52\/revisions"}],"predecessor-version":[{"id":210,"href":"https:\/\/aaremaa.com\/index.php?rest_route=\/wp\/v2\/pages\/52\/revisions\/210"}],"wp:attachment":[{"href":"https:\/\/aaremaa.com\/index.php?rest_route=%2Fwp%2Fv2%2Fmedia&parent=52"}],"curies":[{"name":"wp","href":"https:\/\/api.w.org\/{rel}","templated":true}]}}